{"id":10316,"date":"2022-04-12T11:24:45","date_gmt":"2022-04-12T11:24:45","guid":{"rendered":"https:\/\/www.lanzaderamusic.com\/prices-and-conditions\/"},"modified":"2023-11-29T19:12:11","modified_gmt":"2023-11-29T19:12:11","slug":"prices-and-conditions","status":"publish","type":"page","link":"https:\/\/www.lanzaderamusic.com\/en\/prices-and-conditions\/","title":{"rendered":"PRICES AND CONDITIONS"},"content":{"rendered":"<p>[vc_row equal_height=&#8221;&#8221; background_type=&#8221;image&#8221; background_img=&#8221;8806&#8243; background_img_lazyload=&#8221;1&#8243; shift_y=&#8221;0&#8243; z_index=&#8221;0&#8243; add_filmgrain=&#8221;true&#8221;][vc_column][vc_column_text]<\/p>\n<p style=\"text-align: center;\"><span class=\"texto-deg-rosa\" style=\"font-size: 20pt; color: #ffffff; letter-spacing: 15px; font-weight: 800;\">CREATE YOUR ACCOUNT AND START SENDING YOUR MUSIC<br \/>\n<\/span><span style=\"color: #ffffff;\"><span style=\"font-weight: 400;\"><span style=\"font-weight: 900; font-size: 18px;\">Fast and easy,<\/span> In 48 HOURS your music can be LISTENED to from anywhere in the WORLD<\/span><\/span><\/p>\n<p>[\/vc_column_text][vc_button title=&#8221;START NOW!&#8221; color=&#8221;white&#8221; shape=&#8221;boxed-outline&#8221; size=&#8221;md&#8221; hover_effect=&#8221;upper&#8221; font_weight=&#8221;700&#8243; link=&#8221;url:https%3A%2F%2Fplataforma.lanzaderamusic.com%2Flogin.php|title:Main%20Home|&#8221; css_animation=&#8221;fade-up&#8221; inline_style=&#8221;color:#FFFFFF&#8221; el_class=&#8221;blanco&#8221;][\/vc_column][\/vc_row][vc_row equal_height=&#8221;&#8221; background_type=&#8221;image&#8221; background_img=&#8221;8879&#8243; background_effect=&#8221;parallax&#8221; background_img_lazyload=&#8221;1&#8243; shift_y=&#8221;0&#8243; z_index=&#8221;0&#8243;][vc_column][vc_row_inner][vc_column_inner content_placement=&#8221;default&#8221; column_style=&#8221;boxed&#8221; width=&#8221;1\/2&#8243; background_type=&#8221;image&#8221; background_color=&#8221;white&#8221; background_img_lazyload=&#8221;1&#8243;][vc_icon media_type=&#8221;image&#8221; size=&#8221;fa-5x&#8221; title=&#8221;YOU MAKE ONLY ONE INITIAL PAYMENT&#8221; text=&#8221;Sin renovaci\u00f3n anual ni cuotas mensuales.<\/p>\n<p>Este pago incluye:<\/p>\n<p>\u2013 Procesamiento, adaptaci\u00f3n a los est\u00e1ndares digitales y subida a nuestra plataforma de lanzamiento.<br \/>\nPreparaci\u00f3n del pack espec\u00edfico para cada canal ( cada canal solicita la m\u00fasica y los datos con especificaciones distintas).<\/p>\n<p>\u2013 Env\u00edo del pack espec\u00edfico a cada canal.&#8221; image_id=&#8221;8940&#8243; el_class=&#8221;texto-negro&#8221;][\/vc_column_inner][vc_column_inner content_placement=&#8221;default&#8221; column_style=&#8221;boxed&#8221; width=&#8221;1\/2&#8243; background_type=&#8221;image&#8221; background_color=&#8221;white&#8221; background_img_lazyload=&#8221;1&#8243;][vc_icon icon_fontawesome=&#8221;fas fa-dollar-sign&#8221; color=&#8221;violet&#8221; size=&#8221;fa-3x&#8221; title=&#8221;YOU EARN 91% OF THE INCOME&#8221; text=&#8221;<b>100% Si lo usas para adquirir otros servicios<\/b><\/p>\n<p>Para poder mantener el hosting de tu m\u00fasica, los servicios administrativos de gesti\u00f3n, carga, facturaci\u00f3n, pagos de royalties y soporte que te proporcionamos, cobramos una comisi\u00f3n del 9%.<\/p>\n<p>Nuestro objetivo es cubrir los costes de nuestro trabajo.<\/p>\n<p>Podr\u00e1s seguir tus ventas en la Zona Cliente y solicitar tu pago una vez superes 50 \u20ac.&#8221;][\/vc_column_inner][\/vc_row_inner][vc_row_inner][vc_column_inner content_placement=&#8221;default&#8221; column_style=&#8221;boxed&#8221; width=&#8221;1\/2&#8243; background_type=&#8221;image&#8221; background_color=&#8221;white&#8221; background_img_lazyload=&#8221;1&#8243;][vc_icon icon_fontawesome=&#8221;fas fa-barcode&#8221; color=&#8221;violet&#8221; size=&#8221;fa-3x&#8221; title=&#8221;FREE BARCODES AND ISRC&#8221; text=&#8221;Si no dispones de c\u00f3digos de barra ni de los c\u00f3digos isrc necesarios para la distribuci\u00f3n Lanzadera te los proporciona sin coste alguno para ti.&#8221;][\/vc_column_inner][vc_column_inner content_placement=&#8221;default&#8221; column_style=&#8221;boxed&#8221; width=&#8221;1\/2&#8243; background_type=&#8221;image&#8221; background_color=&#8221;white&#8221; background_img_lazyload=&#8221;1&#8243;][vc_icon icon_fontawesome=&#8221;far fa-file-alt&#8221; color=&#8221;violet&#8221; size=&#8221;fa-3x&#8221; title=&#8221;NON-EXCLUSIVE AGREEMENT WITHOUT ESTABLISHED DURATION&#8221; text=&#8221;Claro, entendible y conciso.&#8221;][\/vc_column_inner][\/vc_row_inner][\/vc_column][\/vc_row][vc_row equal_height=&#8221;&#8221; background_type=&#8221;image&#8221; background_img=&#8221;8806&#8243; background_img_lazyload=&#8221;1&#8243; shift_y=&#8221;0&#8243; z_index=&#8221;0&#8243;][vc_column][vc_row_inner][vc_column_inner content_placement=&#8221;default&#8221;][vc_custom_heading text=&#8221;MUSIC DISTRIBUTION PRICES&#8221; font_size=&#8221;32&#8243; color=&#8221;black&#8221; font_weight=&#8221;900&#8243; text_transform=&#8221;uppercase&#8221; el_class=&#8221;texto-deg-rosa&#8221;][\/vc_column_inner][\/vc_row_inner][vc_row_inner][vc_column_inner content_placement=&#8221;middle&#8221; width=&#8221;1\/2&#8243;][vc_single_image image=&#8221;9194&#8243; img_size=&#8221;full&#8221; full_width=&#8221;&#8221; opacity=&#8221;100&#8243; animated_svg=&#8221;1&#8243;][\/vc_column_inner][vc_column_inner content_placement=&#8221;default&#8221; width=&#8221;1\/2&#8243;][vc_column_text]<\/p>\n<p style=\"text-align: center;\"><span style=\"color: #ffffff;\"><span class=\"texto-deg-rosa\" style=\"font-weight: 600; font-size: 18pt;\">BEFORE<\/span><br \/>\n<span style=\"font-weight: 400; font-size: 16pt;\">Send with 1-2-3 songs &#8211; <span style=\"text-decoration: line-through;\">5\u20ac\/5$<\/span><br \/>\n<\/span><span style=\"font-weight: 400; font-size: 16pt;\">Send 4-10 songs &#8211; <span style=\"text-decoration: line-through;\">19\u20ac\/19$<\/span><br \/>\n<\/span><span style=\"font-weight: 400; font-size: 16pt;\">Send 11-30 songs &#8211; <span style=\"text-decoration: line-through;\">29\u20ac\/29$<\/span><br \/>\n<\/span><\/span><\/p>\n<p>[\/vc_column_text][vc_column_text]<\/p>\n<p style=\"text-align: center;\"><span style=\"color: #ffffff;\"><span class=\"texto-deg-rosa\" style=\"font-weight: bold; font-size: 18pt;\">ONLY PRICE<\/span><br \/>\n<span style=\"font-weight: 400; font-size: 16pt;\">(Offer WE TURNED 10 YEARS)<\/span><\/span><\/p>\n<p style=\"text-align: center;\"><span style=\"color: #ffffff;\"><span style=\"font-weight: 900; font-size: 26pt;\">5\u20ac\/5$<\/span><br \/>\n<span style=\"font-size: 16pt; color: #ffffff;\">Independent of the number of tracks<\/span><\/span><\/p>\n<p>[\/vc_column_text][vc_button button_type=&#8221;decibel-button-outline&#8221; title=&#8221;START NOW&#8221; size=&#8221;md&#8221; font_weight=&#8221;700&#8243; link=&#8221;url:https%3A%2F%2Fplataforma.lanzaderamusic.com%2Flogin.php|&#8221; inline_style=&#8221;white&#8221; el_class=&#8221;blanco&#8221;][vc_column_text]<\/p>\n<p style=\"text-align: center;\"><span style=\"color: #ffffff; font-size: 10pt;\">VAT included for Europe<\/span><br \/>\n<span style=\"color: #ffffff; font-size: 10pt;\">* Prices in Euros for Europe and in Dollars for Latin America<\/span><br \/>\n<span style=\"color: #ffffff; font-size: 10pt;\">THE PRICE INCLUDES THE FOLLOWING CHANNELS AND SERVICES:<\/span><br \/>\n<span style=\"color: #ffffff; font-size: 10pt;\"><a class=\"internal-link\" style=\"color: #ffffff;\" href=\"https:\/\/lanzaderamusic.com\/new\/preguntas-frecuentes-lanzadera-music\/\" rel=\"noopener noreferrer\">See updated list Here<\/a><\/span><\/p>\n<p>[\/vc_column_text][\/vc_column_inner][\/vc_row_inner][\/vc_column][\/vc_row][vc_row equal_height=&#8221;&#8221; background_type=&#8221;image&#8221; background_img=&#8221;8857&#8243; background_img_lazyload=&#8221;1&#8243; shift_y=&#8221;0&#8243; z_index=&#8221;0&#8243;][vc_column][vc_row_inner][vc_column_inner content_placement=&#8221;default&#8221;][vc_custom_heading text=&#8221;VIDEO DISTRIBUTION PRICES&#8221; font_size=&#8221;32&#8243; color=&#8221;black&#8221; font_weight=&#8221;900&#8243; text_transform=&#8221;uppercase&#8221; el_class=&#8221;texto-deg-rosa&#8221;][\/vc_column_inner][\/vc_row_inner][vc_row_inner][vc_column_inner content_placement=&#8221;default&#8221; width=&#8221;1\/3&#8243;][vc_column_text]<\/p>\n<p style=\"text-align: center;\"><span style=\"color: #ffffff;\"><span style=\"font-weight: 400; font-size: 18pt;\">VEVO<\/span><\/span><\/p>\n<p style=\"text-align: center;\"><span style=\"color: #ffffff;\"><span style=\"font-weight: 900; font-size: 26pt;\">10\u20ac\/10$<\/span><\/span><\/p>\n<p style=\"text-align: center;\"><span style=\"color: #ffffff;\"><span style=\"font-weight: 400; font-size: 18pt;\">Upload a Video to Vevo<\/span><\/span><\/p>\n<p>[\/vc_column_text][vc_button button_type=&#8221;decibel-button-outline&#8221; title=&#8221;BUY&#8221; size=&#8221;md&#8221; font_weight=&#8221;700&#8243; link=&#8221;url:https%3A%2F%2Fplataforma.lanzaderamusic.com%2Flogin.php|&#8221; inline_style=&#8221;white&#8221; el_class=&#8221;blanco&#8221;][\/vc_column_inner][vc_column_inner content_placement=&#8221;default&#8221; width=&#8221;1\/3&#8243;][vc_column_text]<\/p>\n<p style=\"text-align: center;\"><span style=\"color: #ffffff;\"><span style=\"font-weight: 400; font-size: 18pt;\">APPLE MUSIC<\/span><\/span><\/p>\n<p style=\"text-align: center;\"><span style=\"color: #ffffff;\"><span style=\"font-weight: 900; font-size: 26pt;\">50\u20ac\/60$<\/span><\/span><\/p>\n<p style=\"text-align: center;\"><span style=\"color: #ffffff;\"><span style=\"font-weight: 400; font-size: 18pt;\">Upload a Video to Apple Music<\/span><\/span><\/p>\n<p>[\/vc_column_text][vc_button button_type=&#8221;decibel-button-outline&#8221; title=&#8221;BUY&#8221; size=&#8221;md&#8221; font_weight=&#8221;700&#8243; link=&#8221;url:https%3A%2F%2Fplataforma.lanzaderamusic.com%2Flogin.php|&#8221; inline_style=&#8221;white&#8221; el_class=&#8221;blanco&#8221;][\/vc_column_inner][vc_column_inner width=&#8221;1\/3&#8243;][vc_column_text]<\/p>\n<p style=\"text-align: center;\"><span style=\"color: #ffffff;\"><span style=\"font-weight: 400; font-size: 18pt;\">VEVO + APPLE MUSIC<\/span><\/span><\/p>\n<p style=\"text-align: center;\"><span style=\"color: #ffffff;\"><span style=\"font-weight: 900; font-size: 26pt;\">55\u20ac\/65$<\/span><\/span><\/p>\n<p style=\"text-align: center;\"><span style=\"color: #ffffff;\"><span style=\"font-weight: 400; font-size: 18pt;\">Upload a Video to Apple Music + VEVO<\/span><\/span><\/p>\n<p>[\/vc_column_text][vc_button button_type=&#8221;decibel-button-outline&#8221; title=&#8221;BUY&#8221; size=&#8221;md&#8221; font_weight=&#8221;700&#8243; link=&#8221;url:https%3A%2F%2Fplataforma.lanzaderamusic.com%2Flogin.php|&#8221; inline_style=&#8221;white&#8221; el_class=&#8221;blanco&#8221;][\/vc_column_inner][\/vc_row_inner][vc_row_inner disable_element=&#8221;yes&#8221;][vc_column_inner content_placement=&#8221;default&#8221; column_style=&#8221;boxed&#8221; width=&#8221;1\/3&#8243; background_type=&#8221;image&#8221; background_color=&#8221;white&#8221; background_img_lazyload=&#8221;1&#8243;][wvc_pricing_table title=&#8221;MAXI (1-2-3)&#8221; button_text=&#8221;COMPRAR&#8221; price=&#8221;5\u20ac\/5$&#8221; link=&#8221;url:http%3A%2F%2Fwww.lanzaderamusic.com%2Fplataforma%2Flogin.php&#8221; services=&#8221;Env\u00edo con 1-2-3 canciones&#8221;][\/vc_column_inner][vc_column_inner content_placement=&#8221;default&#8221; column_style=&#8221;boxed&#8221; width=&#8221;1\/3&#8243; background_type=&#8221;image&#8221; background_color=&#8221;white&#8221; background_img_lazyload=&#8221;1&#8243;][wvc_pricing_table title=&#8221;EP (4-10)&#8221; button_text=&#8221;COMPRAR&#8221; price=&#8221;19\u20ac\/19$&#8221; link=&#8221;url:http%3A%2F%2Fwww.lanzaderamusic.com%2Fplataforma%2Flogin.php&#8221; services=&#8221;Env\u00edo 4-10 canciones&#8221;][\/vc_column_inner][vc_column_inner content_placement=&#8221;default&#8221; column_style=&#8221;boxed&#8221; width=&#8221;1\/3&#8243;][wvc_pricing_table title=&#8221;ALBUM (11-30)&#8221; button_text=&#8221;COMPRAR&#8221; price=&#8221;29\u20ac\/29$&#8221; link=&#8221;url:http%3A%2F%2Fwww.lanzaderamusic.com%2Fplataforma%2Flogin.php&#8221; services=&#8221;Env\u00edo 11-30 canciones&#8221;][\/vc_column_inner][\/vc_row_inner][\/vc_column][\/vc_row]<\/p>\n","protected":false},"excerpt":{"rendered":"<p>[vc_row equal_height=&#8221;&#8221; background_type=&#8221;image&#8221; background_img=&#8221;8806&#8243; background_img_lazyload=&#8221;1&#8243; shift_y=&#8221;0&#8243; z_index=&#8221;0&#8243; add_filmgrain=&#8221;true&#8221;][vc_column][vc_column_text] CREATE YOUR ACCOUNT AND START SENDING YOUR MUSIC Fast and easy, In 48 HOURS your music can be LISTENED to from anywhere in the WORLD [\/vc_column_text][vc_button title=&#8221;START NOW!&#8221; color=&#8221;white&#8221; shape=&#8221;boxed-outline&#8221; size=&#8221;md&#8221; hover_effect=&#8221;upper&#8221; font_weight=&#8221;700&#8243; link=&#8221;url:https%3A%2F%2Fplataforma.lanzaderamusic.com%2Flogin.php|title:Main%20Home|&#8221; css_animation=&#8221;fade-up&#8221; inline_style=&#8221;color:#FFFFFF&#8221; el_class=&#8221;blanco&#8221;][\/vc_column][\/vc_row][vc_row equal_height=&#8221;&#8221; background_type=&#8221;image&#8221; background_img=&#8221;8879&#8243; background_effect=&#8221;parallax&#8221; background_img_lazyload=&#8221;1&#8243; shift_y=&#8221;0&#8243; z_index=&#8221;0&#8243;][vc_column][vc_row_inner][vc_column_inner content_placement=&#8221;default&#8221; column_style=&#8221;boxed&#8221; width=&#8221;1\/2&#8243;&#8230;<\/p>\n<p><a rel=\"bookmark\" class=\"decibel-button-text wvc-button wvc-button-size-sm\" href=\"https:\/\/www.lanzaderamusic.com\/en\/prices-and-conditions\/\"><small class=\"wvc-button-background-fill\"><\/small><span>continue reading<\/span><\/a><\/p>\n","protected":false},"author":1,"featured_media":0,"parent":0,"menu_order":0,"comment_status":"closed","ping_status":"closed","template":"","meta":{"footnotes":""},"class_list":{"0":"post-10316","1":"page","2":"type-page","3":"status-publish","4":"hentry","5":"entry","6":"clearfix","7":"entry-grid","8":"entry-columns-default","9":"entry-page-module-layout-standard","10":"no-post-thumbnail","11":"entry-page","13":"entry-page-grid"},"_links":{"self":[{"href":"https:\/\/www.lanzaderamusic.com\/en\/wp-json\/wp\/v2\/pages\/10316","targetHints":{"allow":["GET"]}}],"collection":[{"href":"https:\/\/www.lanzaderamusic.com\/en\/wp-json\/wp\/v2\/pages"}],"about":[{"href":"https:\/\/www.lanzaderamusic.com\/en\/wp-json\/wp\/v2\/types\/page"}],"author":[{"embeddable":true,"href":"https:\/\/www.lanzaderamusic.com\/en\/wp-json\/wp\/v2\/users\/1"}],"replies":[{"embeddable":true,"href":"https:\/\/www.lanzaderamusic.com\/en\/wp-json\/wp\/v2\/comments?post=10316"}],"version-history":[{"count":5,"href":"https:\/\/www.lanzaderamusic.com\/en\/wp-json\/wp\/v2\/pages\/10316\/revisions"}],"predecessor-version":[{"id":10321,"href":"https:\/\/www.lanzaderamusic.com\/en\/wp-json\/wp\/v2\/pages\/10316\/revisions\/10321"}],"wp:attachment":[{"href":"https:\/\/www.lanzaderamusic.com\/en\/wp-json\/wp\/v2\/media?parent=10316"}],"curies":[{"name":"wp","href":"https:\/\/api.w.org\/{rel}","templated":true}]}}